{"id":6875,"date":"2025-11-12T09:06:01","date_gmt":"2025-11-12T08:06:01","guid":{"rendered":"https:\/\/krajinaziva.sk\/?page_id=6875"},"modified":"2025-11-12T11:09:31","modified_gmt":"2025-11-12T10:09:31","slug":"vyznam-travinno-bylinnych-porastov-a-kvitnucich-luk-v-krajine","status":"publish","type":"page","link":"https:\/\/krajinaziva.sk\/en\/vyznam-travinno-bylinnych-porastov-a-kvitnucich-luk-v-krajine\/","title":{"rendered":"V\u00fdznam travinno-bylinn\u00fdch porastov a kvitn\u00facich l\u00fak v krajine"},"content":{"rendered":"<p>6. novembra 2025 sme zorganizovali konferenciu, ktor\u00e1 vznikla v\u010faka spolupr\u00e1ci profesion\u00e1lov z r\u00f4znych odvetv\u00ed na projekte LIFE DIVERSEED. Na\u0161im cie\u013eom je vytvorenie semenn\u00fdch zmes\u00ed travinno-bylinn\u00fdch porastov na Slovensku, ktor\u00e9 otv\u00e1ra celkom nov\u00fa kapitolu. \u010ci u\u017e ste farm\u00e1r, krajinn\u00fd architekt alebo z\u00e1stupca samospr\u00e1vy, na z\u00e1znamoch z konferencie sa m\u00f4\u017eete pozrie\u0165 na t\u00fato problematiku z r\u00f4znych uhlov poh\u013eadu.<\/p>\n\n\n\n<p><strong>1. Attila T\u00f3th &#8211; Uplatnenie travinno-bylinn\u00fdch porastov v krajinnej architekt\u00fare z poh\u013eadu krajinn\u00e9ho architekta<\/strong><\/p>\n\n\n\n<figure class=\"wp-block-embed is-type-video is-provider-youtube wp-block-embed-youtube wp-embed-aspect-16-9 wp-has-aspect-ratio\"><div class=\"wp-block-embed__wrapper\">\n<iframe title=\"1. Attila T\u00f3th - Uplatnenie travinno-bylinn\u00fdch porastov v krajinnej architekt\u00fare\" width=\"1170\" height=\"658\" src=\"https:\/\/www.youtube.com\/embed\/3MKZuXH0hTM?feature=oembed\" frameborder=\"0\" allow=\"accelerometer; autoplay; clipboard-write; encrypted-media; gyroscope; picture-in-picture; web-share\" referrerpolicy=\"strict-origin-when-cross-origin\" allowfullscreen><\/iframe>\n<\/div><\/figure>\n\n\n\n<p><strong>2. \u013dubo\u0161 Voz\u00e1r &#8211; Modifikovan\u00e1 intenzita obhospodarovania tr\u00e1vnych porastov a jej dopady na rastlinn\u00fa diverzitu&nbsp;z poh\u013eadu v\u00fd\u017eivy zvierat<\/strong><\/p>\n\n\n\n<figure class=\"wp-block-embed is-type-video is-provider-youtube wp-block-embed-youtube wp-embed-aspect-16-9 wp-has-aspect-ratio\"><div class=\"wp-block-embed__wrapper\">\n<iframe title=\"2. \u013dubo\u0161 Voz\u00e1r - Modifikovan\u00e1 intenzita obhospodarovania tr\u00e1vnych porastov\" width=\"1170\" height=\"658\" src=\"https:\/\/www.youtube.com\/embed\/q0xlLnluMe8?feature=oembed\" frameborder=\"0\" allow=\"accelerometer; autoplay; clipboard-write; encrypted-media; gyroscope; picture-in-picture; web-share\" referrerpolicy=\"strict-origin-when-cross-origin\" allowfullscreen><\/iframe>\n<\/div><\/figure>\n\n\n\n<p><strong>3. Marek Semelbauer &#8211; Rozhovor medzi kvetom a jeho v\u010delou<\/strong><\/p>\n\n\n\n<figure class=\"wp-block-embed is-type-video is-provider-youtube wp-block-embed-youtube wp-embed-aspect-16-9 wp-has-aspect-ratio\"><div class=\"wp-block-embed__wrapper\">\n<iframe title=\"3. Marek Semelbauer - Rozhovor medzi kvetom a jeho v\u010delou\" width=\"1170\" height=\"658\" src=\"https:\/\/www.youtube.com\/embed\/aJ3m0MaRuY8?feature=oembed\" frameborder=\"0\" allow=\"accelerometer; autoplay; clipboard-write; encrypted-media; gyroscope; picture-in-picture; web-share\" referrerpolicy=\"strict-origin-when-cross-origin\" allowfullscreen><\/iframe>\n<\/div><\/figure>\n\n\n\n<p><strong>4. Jakub Melicher &#8211; Potenci\u00e1l travinno-bylinn\u00fdch porastov pre poskytovanie ekosyst\u00e9mov\u00fdch slu\u017eieb<\/strong> <strong>z poh\u013eadu krajinn\u00e9ho ekol\u00f3ga<\/strong><\/p>\n\n\n\n<figure class=\"wp-block-embed is-type-video is-provider-youtube wp-block-embed-youtube wp-embed-aspect-16-9 wp-has-aspect-ratio\"><div class=\"wp-block-embed__wrapper\">\n<iframe title=\"Jakub Melicher - Potenci\u00e1l travinno-bylinn\u00fdch porastov pre poskytovanie ekosyst\u00e9mov\u00fdch slu\u017eieb\" width=\"1170\" height=\"658\" src=\"https:\/\/www.youtube.com\/embed\/RASl-ETX4I8?feature=oembed\" frameborder=\"0\" allow=\"accelerometer; autoplay; clipboard-write; encrypted-media; gyroscope; picture-in-picture; web-share\" referrerpolicy=\"strict-origin-when-cross-origin\" allowfullscreen><\/iframe>\n<\/div><\/figure>\n\n\n\n<p><strong>5. Diskusia po prvom bloku predn\u00e1\u0161ok<\/strong><\/p>\n\n\n\n<figure class=\"wp-block-embed is-type-video is-provider-youtube wp-block-embed-youtube wp-embed-aspect-16-9 wp-has-aspect-ratio\"><div class=\"wp-block-embed__wrapper\">\n<iframe title=\"5. Prv\u00e1 diskusia - V\u00fdznam travinno-bylinn\u00fdch porastov a kvitn\u00facich l\u00fak v krajine\" width=\"1170\" height=\"658\" src=\"https:\/\/www.youtube.com\/embed\/JjKyV9_v-0Q?feature=oembed\" frameborder=\"0\" allow=\"accelerometer; autoplay; clipboard-write; encrypted-media; gyroscope; picture-in-picture; web-share\" referrerpolicy=\"strict-origin-when-cross-origin\" allowfullscreen><\/iframe>\n<\/div><\/figure>\n\n\n\n<p><strong>6. \u00daKSUP &#8211; Predstavenie organiz\u00e1cie a Registr\u00e1cia \u010fatelinov\u00edn a tr\u00e1v \u2013 prv\u00fd krok k certifik\u00e1cii travinno-bylinn\u00fdch zmes\u00ed<\/strong><\/p>\n\n\n\n<figure class=\"wp-block-embed is-type-video is-provider-youtube wp-block-embed-youtube wp-embed-aspect-16-9 wp-has-aspect-ratio\"><div class=\"wp-block-embed__wrapper\">\n<iframe title=\"6. \u00daKSUP - Registr\u00e1cia \u010fatelinov\u00edn a tr\u00e1v \u2013 prv\u00fd krok k certifik\u00e1cii travinno-bylinn\u00fdch zmes\u00ed\" width=\"1170\" height=\"658\" src=\"https:\/\/www.youtube.com\/embed\/Kevd-b4i0qQ?feature=oembed\" frameborder=\"0\" allow=\"accelerometer; autoplay; clipboard-write; encrypted-media; gyroscope; picture-in-picture; web-share\" referrerpolicy=\"strict-origin-when-cross-origin\" allowfullscreen><\/iframe>\n<\/div><\/figure>\n\n\n\n<p><strong>7. Monika Jani\u0161ov\u00e1 &#8211; Semienko na spr\u00e1vnom mieste: Ke\u010f v\u00fdsev rozhoduje o krajine<\/strong><\/p>\n\n\n\n<figure class=\"wp-block-embed is-type-video is-provider-youtube wp-block-embed-youtube wp-embed-aspect-16-9 wp-has-aspect-ratio\"><div class=\"wp-block-embed__wrapper\">\n<iframe title=\"7. Monika Jani\u0161ov\u00e1 - Semienko na spr\u00e1vnom mieste: Ke\u010f v\u00fdsev rozhoduje o krajine\" width=\"1170\" height=\"658\" src=\"https:\/\/www.youtube.com\/embed\/HI-LOep5EUA?feature=oembed\" frameborder=\"0\" allow=\"accelerometer; autoplay; clipboard-write; encrypted-media; gyroscope; picture-in-picture; web-share\" referrerpolicy=\"strict-origin-when-cross-origin\" allowfullscreen><\/iframe>\n<\/div><\/figure>\n\n\n\n<p><strong>8. Miriam H\u00fa\u0161\u0165avov\u00e1, M\u00e1ria \u0160ib\u00edkov\u00e1 &#8211; Dial\u00f3g v krajinno-architektonickej tvorbe pr\u00edrode bl\u00edzkych spolo\u010denstiev o\u010dami krajinn\u00fdch architektov<\/strong><\/p>\n\n\n\n<figure class=\"wp-block-embed is-type-video is-provider-youtube wp-block-embed-youtube wp-embed-aspect-4-3 wp-has-aspect-ratio\"><div class=\"wp-block-embed__wrapper\">\n<iframe title=\"8. M. H\u00fa\u0161\u0165avov\u00e1, M. \u0160ib\u00edkov\u00e1 - Dial\u00f3g v krajinno-architektonickej tvorbe\" width=\"1170\" height=\"658\" src=\"https:\/\/www.youtube.com\/embed\/LO8yA9bTuks?feature=oembed\" frameborder=\"0\" allow=\"accelerometer; autoplay; clipboard-write; encrypted-media; gyroscope; picture-in-picture; web-share\" referrerpolicy=\"strict-origin-when-cross-origin\" allowfullscreen><\/iframe>\n<\/div><\/figure>\n\n\n\n<p><strong>9. Marie Strakov\u00e1 &#8211; Travn\u00ed a travinobylinn\u00e9 porosty v krajin\u011b \u2013 p\u0159\u00edklady mezioborov\u00e9 spolupr\u00e1ce v \u010cR<\/strong><\/p>\n\n\n\n<figure class=\"wp-block-embed is-type-video is-provider-youtube wp-block-embed-youtube wp-embed-aspect-16-9 wp-has-aspect-ratio\"><div class=\"wp-block-embed__wrapper\">\n<iframe title=\"9. Marie Strakov\u00e1 - Travn\u00ed a travinobylinn\u00e9 porosty v krajin\u011b \u2013 p\u0159\u00edklady mezioborov\u00e9 spolupr\u00e1ce v \u010cR\" width=\"1170\" height=\"658\" src=\"https:\/\/www.youtube.com\/embed\/4eoHPVQG6LM?feature=oembed\" frameborder=\"0\" allow=\"accelerometer; autoplay; clipboard-write; encrypted-media; gyroscope; picture-in-picture; web-share\" referrerpolicy=\"strict-origin-when-cross-origin\" allowfullscreen><\/iframe>\n<\/div><\/figure>\n\n\n\n<p><strong>10. Diskusia po druhom bloku predn\u00e1\u0161ok<\/strong><\/p>\n\n\n\n<figure class=\"wp-block-embed is-type-video is-provider-youtube wp-block-embed-youtube wp-embed-aspect-16-9 wp-has-aspect-ratio\"><div class=\"wp-block-embed__wrapper\">\n<iframe title=\"5. Druh\u00e1 diskusia - V\u00fdznam travinno-bylinn\u00fdch porastov a kvitn\u00facich l\u00fak v krajine\" width=\"1170\" height=\"658\" src=\"https:\/\/www.youtube.com\/embed\/MoKhg2qX1l4?feature=oembed\" frameborder=\"0\" allow=\"accelerometer; autoplay; clipboard-write; encrypted-media; gyroscope; picture-in-picture; web-share\" referrerpolicy=\"strict-origin-when-cross-origin\" allowfullscreen><\/iframe>\n<\/div><\/figure>","protected":false},"excerpt":{"rendered":"<p>6. novembra 2025 sme zorganizovali konferenciu, ktor\u00e1 vznikla v\u010faka spolupr\u00e1ci profesion\u00e1lov z r\u00f4znych odvetv\u00ed na projekte LIFE DIVERSEED. Na\u0161im cie\u013eom je vytvorenie semenn\u00fdch zmes\u00ed travinno-bylinn\u00fdch porastov na Slovensku, ktor\u00e9 otv\u00e1ra celkom nov\u00fa kapitolu.&hellip;<\/p>","protected":false},"author":4,"featured_media":5657,"parent":0,"menu_order":0,"comment_status":"closed","ping_status":"closed","template":"","meta":{"give_campaign_id":0,"_monsterinsights_skip_tracking":false,"_monsterinsights_sitenote_active":false,"_monsterinsights_sitenote_note":"","_monsterinsights_sitenote_category":0,"footnotes":""},"class_list":["post-6875","page","type-page","status-publish","has-post-thumbnail","hentry"],"yoast_head":"<!-- This site is optimized with the Yoast SEO plugin v26.4 - https:\/\/yoast.com\/wordpress\/plugins\/seo\/ -->\n<title>V\u00fdznam travinno-bylinn\u00fdch porastov a kvitn\u00facich l\u00fak v krajine - Krajina \u017eiv\u00e1<\/title>\n<meta name=\"description\" content=\"Z\u00e1znam z konferencie &quot;V\u00fdznam travinno-bylinn\u00fdch porastov a kvitn\u00facich l\u00fak v krajine&quot;, ktor\u00fa sme zorganizovali 6.11.2025 v r\u00e1mci projektu LIFE Diverseed.\" \/>\n<meta name=\"robots\" content=\"index, follow, max-snippet:-1, max-image-preview:large, max-video-preview:-1\" \/>\n<link rel=\"canonical\" href=\"https:\/\/krajinaziva.sk\/en\/vyznam-travinno-bylinnych-porastov-a-kvitnucich-luk-v-krajine\/\" \/>\n<meta property=\"og:locale\" content=\"en_GB\" \/>\n<meta property=\"og:type\" content=\"article\" \/>\n<meta property=\"og:title\" content=\"V\u00fdznam travinno-bylinn\u00fdch porastov a kvitn\u00facich l\u00fak v krajine - Krajina \u017eiv\u00e1\" \/>\n<meta property=\"og:description\" content=\"Z\u00e1znam z konferencie &quot;V\u00fdznam travinno-bylinn\u00fdch porastov a kvitn\u00facich l\u00fak v krajine&quot;, ktor\u00fa sme zorganizovali 6.11.2025 v r\u00e1mci projektu LIFE Diverseed.\" \/>\n<meta property=\"og:url\" content=\"https:\/\/krajinaziva.sk\/en\/vyznam-travinno-bylinnych-porastov-a-kvitnucich-luk-v-krajine\/\" \/>\n<meta property=\"og:site_name\" content=\"Krajina \u017eiv\u00e1\" \/>\n<meta property=\"article:modified_time\" content=\"2025-11-12T10:09:31+00:00\" \/>\n<meta property=\"og:image\" content=\"https:\/\/krajinaziva.sk\/wp-content\/uploads\/2024\/08\/2-2.jpg\" \/>\n\t<meta property=\"og:image:width\" content=\"1920\" \/>\n\t<meta property=\"og:image:height\" content=\"1280\" \/>\n\t<meta property=\"og:image:type\" content=\"image\/jpeg\" \/>\n<meta name=\"twitter:card\" content=\"summary_large_image\" \/>\n<meta name=\"twitter:label1\" content=\"Estimated reading time\" \/>\n\t<meta name=\"twitter:data1\" content=\"2 minutes\" \/>\n<script type=\"application\/ld+json\" class=\"yoast-schema-graph\">{\"@context\":\"https:\/\/schema.org\",\"@graph\":[{\"@type\":\"WebPage\",\"@id\":\"https:\/\/krajinaziva.sk\/vyznam-travinno-bylinnych-porastov-a-kvitnucich-luk-v-krajine\/\",\"url\":\"https:\/\/krajinaziva.sk\/vyznam-travinno-bylinnych-porastov-a-kvitnucich-luk-v-krajine\/\",\"name\":\"V\u00fdznam travinno-bylinn\u00fdch porastov a kvitn\u00facich l\u00fak v krajine - Krajina \u017eiv\u00e1\",\"isPartOf\":{\"@id\":\"https:\/\/krajinaziva.sk\/#website\"},\"primaryImageOfPage\":{\"@id\":\"https:\/\/krajinaziva.sk\/vyznam-travinno-bylinnych-porastov-a-kvitnucich-luk-v-krajine\/#primaryimage\"},\"image\":{\"@id\":\"https:\/\/krajinaziva.sk\/vyznam-travinno-bylinnych-porastov-a-kvitnucich-luk-v-krajine\/#primaryimage\"},\"thumbnailUrl\":\"https:\/\/krajinaziva.sk\/wp-content\/uploads\/2024\/08\/2-2.jpg\",\"datePublished\":\"2025-11-12T08:06:01+00:00\",\"dateModified\":\"2025-11-12T10:09:31+00:00\",\"description\":\"Z\u00e1znam z konferencie \\\"V\u00fdznam travinno-bylinn\u00fdch porastov a kvitn\u00facich l\u00fak v krajine\\\", ktor\u00fa sme zorganizovali 6.11.2025 v r\u00e1mci projektu LIFE Diverseed.\",\"breadcrumb\":{\"@id\":\"https:\/\/krajinaziva.sk\/vyznam-travinno-bylinnych-porastov-a-kvitnucich-luk-v-krajine\/#breadcrumb\"},\"inLanguage\":\"en-GB\",\"potentialAction\":[{\"@type\":\"ReadAction\",\"target\":[\"https:\/\/krajinaziva.sk\/vyznam-travinno-bylinnych-porastov-a-kvitnucich-luk-v-krajine\/\"]}]},{\"@type\":\"ImageObject\",\"inLanguage\":\"en-GB\",\"@id\":\"https:\/\/krajinaziva.sk\/vyznam-travinno-bylinnych-porastov-a-kvitnucich-luk-v-krajine\/#primaryimage\",\"url\":\"https:\/\/krajinaziva.sk\/wp-content\/uploads\/2024\/08\/2-2.jpg\",\"contentUrl\":\"https:\/\/krajinaziva.sk\/wp-content\/uploads\/2024\/08\/2-2.jpg\",\"width\":1920,\"height\":1280},{\"@type\":\"BreadcrumbList\",\"@id\":\"https:\/\/krajinaziva.sk\/vyznam-travinno-bylinnych-porastov-a-kvitnucich-luk-v-krajine\/#breadcrumb\",\"itemListElement\":[{\"@type\":\"ListItem\",\"position\":1,\"name\":\"Home\",\"item\":\"https:\/\/krajinaziva.sk\/\"},{\"@type\":\"ListItem\",\"position\":2,\"name\":\"V\u00fdznam travinno-bylinn\u00fdch porastov a kvitn\u00facich l\u00fak v krajine\"}]},{\"@type\":\"WebSite\",\"@id\":\"https:\/\/krajinaziva.sk\/#website\",\"url\":\"https:\/\/krajinaziva.sk\/\",\"name\":\"Krajina \u017eiv\u00e1\",\"description\":\"\u017div\u00e1 krajina prin\u00e1\u0161a hojnos\u0165 pre v\u0161etk\u00fdch\",\"publisher\":{\"@id\":\"https:\/\/krajinaziva.sk\/#organization\"},\"potentialAction\":[{\"@type\":\"SearchAction\",\"target\":{\"@type\":\"EntryPoint\",\"urlTemplate\":\"https:\/\/krajinaziva.sk\/?s={search_term_string}\"},\"query-input\":{\"@type\":\"PropertyValueSpecification\",\"valueRequired\":true,\"valueName\":\"search_term_string\"}}],\"inLanguage\":\"en-GB\"},{\"@type\":\"Organization\",\"@id\":\"https:\/\/krajinaziva.sk\/#organization\",\"name\":\"Krajina \u017eiv\u00e1\",\"url\":\"https:\/\/krajinaziva.sk\/\",\"logo\":{\"@type\":\"ImageObject\",\"inLanguage\":\"en-GB\",\"@id\":\"https:\/\/krajinaziva.sk\/#\/schema\/logo\/image\/\",\"url\":\"https:\/\/krajinaziva.sk\/wp-content\/uploads\/2026\/02\/2206_14_BROZ_Ktajina-ziva_1-43-2-1.png\",\"contentUrl\":\"https:\/\/krajinaziva.sk\/wp-content\/uploads\/2026\/02\/2206_14_BROZ_Ktajina-ziva_1-43-2-1.png\",\"width\":1080,\"height\":1080,\"caption\":\"Krajina \u017eiv\u00e1\"},\"image\":{\"@id\":\"https:\/\/krajinaziva.sk\/#\/schema\/logo\/image\/\"}}]}<\/script>\n<!-- \/ Yoast SEO plugin. -->","yoast_head_json":{"title":"V\u00fdznam travinno-bylinn\u00fdch porastov a kvitn\u00facich l\u00fak v krajine - Krajina \u017eiv\u00e1","description":"Z\u00e1znam z konferencie \"V\u00fdznam travinno-bylinn\u00fdch porastov a kvitn\u00facich l\u00fak v krajine\", ktor\u00fa sme zorganizovali 6.11.2025 v r\u00e1mci projektu LIFE Diverseed.","robots":{"index":"index","follow":"follow","max-snippet":"max-snippet:-1","max-image-preview":"max-image-preview:large","max-video-preview":"max-video-preview:-1"},"canonical":"https:\/\/krajinaziva.sk\/en\/vyznam-travinno-bylinnych-porastov-a-kvitnucich-luk-v-krajine\/","og_locale":"en_GB","og_type":"article","og_title":"V\u00fdznam travinno-bylinn\u00fdch porastov a kvitn\u00facich l\u00fak v krajine - Krajina \u017eiv\u00e1","og_description":"Z\u00e1znam z konferencie \"V\u00fdznam travinno-bylinn\u00fdch porastov a kvitn\u00facich l\u00fak v krajine\", ktor\u00fa sme zorganizovali 6.11.2025 v r\u00e1mci projektu LIFE Diverseed.","og_url":"https:\/\/krajinaziva.sk\/en\/vyznam-travinno-bylinnych-porastov-a-kvitnucich-luk-v-krajine\/","og_site_name":"Krajina \u017eiv\u00e1","article_modified_time":"2025-11-12T10:09:31+00:00","og_image":[{"width":1920,"height":1280,"url":"https:\/\/krajinaziva.sk\/wp-content\/uploads\/2024\/08\/2-2.jpg","type":"image\/jpeg"}],"twitter_card":"summary_large_image","twitter_misc":{"Estimated reading time":"2 minutes"},"schema":{"@context":"https:\/\/schema.org","@graph":[{"@type":"WebPage","@id":"https:\/\/krajinaziva.sk\/vyznam-travinno-bylinnych-porastov-a-kvitnucich-luk-v-krajine\/","url":"https:\/\/krajinaziva.sk\/vyznam-travinno-bylinnych-porastov-a-kvitnucich-luk-v-krajine\/","name":"V\u00fdznam travinno-bylinn\u00fdch porastov a kvitn\u00facich l\u00fak v krajine - Krajina \u017eiv\u00e1","isPartOf":{"@id":"https:\/\/krajinaziva.sk\/#website"},"primaryImageOfPage":{"@id":"https:\/\/krajinaziva.sk\/vyznam-travinno-bylinnych-porastov-a-kvitnucich-luk-v-krajine\/#primaryimage"},"image":{"@id":"https:\/\/krajinaziva.sk\/vyznam-travinno-bylinnych-porastov-a-kvitnucich-luk-v-krajine\/#primaryimage"},"thumbnailUrl":"https:\/\/krajinaziva.sk\/wp-content\/uploads\/2024\/08\/2-2.jpg","datePublished":"2025-11-12T08:06:01+00:00","dateModified":"2025-11-12T10:09:31+00:00","description":"Z\u00e1znam z konferencie \"V\u00fdznam travinno-bylinn\u00fdch porastov a kvitn\u00facich l\u00fak v krajine\", ktor\u00fa sme zorganizovali 6.11.2025 v r\u00e1mci projektu LIFE Diverseed.","breadcrumb":{"@id":"https:\/\/krajinaziva.sk\/vyznam-travinno-bylinnych-porastov-a-kvitnucich-luk-v-krajine\/#breadcrumb"},"inLanguage":"en-GB","potentialAction":[{"@type":"ReadAction","target":["https:\/\/krajinaziva.sk\/vyznam-travinno-bylinnych-porastov-a-kvitnucich-luk-v-krajine\/"]}]},{"@type":"ImageObject","inLanguage":"en-GB","@id":"https:\/\/krajinaziva.sk\/vyznam-travinno-bylinnych-porastov-a-kvitnucich-luk-v-krajine\/#primaryimage","url":"https:\/\/krajinaziva.sk\/wp-content\/uploads\/2024\/08\/2-2.jpg","contentUrl":"https:\/\/krajinaziva.sk\/wp-content\/uploads\/2024\/08\/2-2.jpg","width":1920,"height":1280},{"@type":"BreadcrumbList","@id":"https:\/\/krajinaziva.sk\/vyznam-travinno-bylinnych-porastov-a-kvitnucich-luk-v-krajine\/#breadcrumb","itemListElement":[{"@type":"ListItem","position":1,"name":"Home","item":"https:\/\/krajinaziva.sk\/"},{"@type":"ListItem","position":2,"name":"V\u00fdznam travinno-bylinn\u00fdch porastov a kvitn\u00facich l\u00fak v krajine"}]},{"@type":"WebSite","@id":"https:\/\/krajinaziva.sk\/#website","url":"https:\/\/krajinaziva.sk\/","name":"Living landscape","description":"A living landscape brings wealth for all","publisher":{"@id":"https:\/\/krajinaziva.sk\/#organization"},"potentialAction":[{"@type":"SearchAction","target":{"@type":"EntryPoint","urlTemplate":"https:\/\/krajinaziva.sk\/?s={search_term_string}"},"query-input":{"@type":"PropertyValueSpecification","valueRequired":true,"valueName":"search_term_string"}}],"inLanguage":"en-GB"},{"@type":"Organization","@id":"https:\/\/krajinaziva.sk\/#organization","name":"Living landscape","url":"https:\/\/krajinaziva.sk\/","logo":{"@type":"ImageObject","inLanguage":"en-GB","@id":"https:\/\/krajinaziva.sk\/#\/schema\/logo\/image\/","url":"https:\/\/krajinaziva.sk\/wp-content\/uploads\/2026\/02\/2206_14_BROZ_Ktajina-ziva_1-43-2-1.png","contentUrl":"https:\/\/krajinaziva.sk\/wp-content\/uploads\/2026\/02\/2206_14_BROZ_Ktajina-ziva_1-43-2-1.png","width":1080,"height":1080,"caption":"Krajina \u017eiv\u00e1"},"image":{"@id":"https:\/\/krajinaziva.sk\/#\/schema\/logo\/image\/"}}]}},"campaignId":"","_links":{"self":[{"href":"https:\/\/krajinaziva.sk\/en\/wp-json\/wp\/v2\/pages\/6875","targetHints":{"allow":["GET"]}}],"collection":[{"href":"https:\/\/krajinaziva.sk\/en\/wp-json\/wp\/v2\/pages"}],"about":[{"href":"https:\/\/krajinaziva.sk\/en\/wp-json\/wp\/v2\/types\/page"}],"author":[{"embeddable":true,"href":"https:\/\/krajinaziva.sk\/en\/wp-json\/wp\/v2\/users\/4"}],"replies":[{"embeddable":true,"href":"https:\/\/krajinaziva.sk\/en\/wp-json\/wp\/v2\/comments?post=6875"}],"version-history":[{"count":5,"href":"https:\/\/krajinaziva.sk\/en\/wp-json\/wp\/v2\/pages\/6875\/revisions"}],"predecessor-version":[{"id":6897,"href":"https:\/\/krajinaziva.sk\/en\/wp-json\/wp\/v2\/pages\/6875\/revisions\/6897"}],"wp:featuredmedia":[{"embeddable":true,"href":"https:\/\/krajinaziva.sk\/en\/wp-json\/wp\/v2\/media\/5657"}],"wp:attachment":[{"href":"https:\/\/krajinaziva.sk\/en\/wp-json\/wp\/v2\/media?parent=6875"}],"curies":[{"name":"wp","href":"https:\/\/api.w.org\/{rel}","templated":true}]}}