{"id":4766,"date":"2024-01-19T15:33:47","date_gmt":"2024-01-19T14:33:47","guid":{"rendered":"https:\/\/krajinaziva.sk\/?page_id=4766"},"modified":"2025-11-12T13:25:23","modified_gmt":"2025-11-12T12:25:23","slug":"vzdelavanie","status":"publish","type":"page","link":"https:\/\/krajinaziva.sk\/en\/vzdelavanie\/","title":{"rendered":"Learning"},"content":{"rendered":"<div data-elementor-type=\"wp-page\" data-elementor-id=\"4766\" class=\"elementor elementor-4766\">\n\t\t\t\t\t\t<section class=\"elementor-section elementor-top-section elementor-element elementor-element-700690f6 elementor-section-full_width elementor-section-height-default elementor-section-height-default\" data-id=\"700690f6\" data-element_type=\"section\">\n\t\t\t\t\t\t<div class=\"elementor-container elementor-column-gap-extended\">\n\t\t\t\t\t<div class=\"elementor-column elementor-col-100 elementor-top-column elementor-element elementor-element-422c3eff sc_inner_width_none sc_content_align_inherit sc_layouts_column_icons_position_left\" data-id=\"422c3eff\" data-element_type=\"column\">\n\t\t\t<div class=\"elementor-widget-wrap elementor-element-populated\">\n\t\t\t\t\t\t<div class=\"elementor-element elementor-element-5eae6de2 sc_fly_static elementor-widget elementor-widget-text-editor\" data-id=\"5eae6de2\" data-element_type=\"widget\" data-widget_type=\"text-editor.default\">\n\t\t\t\t<div class=\"elementor-widget-container\">\n\t\t\t\t\t\t\t\t\t<p>Krajina \u017eiv\u00e1 nie je iba o zvidite\u013e\u0148ovan\u00ed a oce\u0148ovan\u00ed pr\u00edrode bl\u00edzkych hospod\u00e1rov, ale aj o ich sp\u00e1jan\u00ed a vz\u00e1jomnom vzdel\u00e1van\u00ed sa. Na tejto str\u00e1nke preto budeme priebe\u017ene uverej\u0148ova\u0165 najr\u00f4znej\u0161ie vlastn\u00e9, ale aj prebran\u00e9, no overen\u00e9 vzdel\u00e1vacie materi\u00e1ly na t\u00e9my t\u00fdkaj\u00face sa pr\u00edrode bl\u00edzkeho po\u013enohospod\u00e1rstva. Ak m\u00e1te z\u00e1ujem dost\u00e1va\u0165 od n\u00e1s inform\u00e1cie o pripravovan\u00fdch vzdel\u00e1vac\u00edch a sie\u0165ovac\u00edch aktivit\u00e1ch, dajte n\u00e1m pros\u00edm vedie\u0165 na info@krajinaziva.sk.<\/p>\n<p><!-- \/wp:paragraph --><!-- wp:list {\"ordered\":true} --><\/p>\n<ol>\n<li style=\"list-style-type: none;\">\n<ol><!-- wp:list-item --><\/ol>\n<\/li>\n<\/ol>\n<p>\u00a0<\/p>\n<ol>\n<li style=\"list-style-type: none;\">\n<ol>\n<li><a href=\"https:\/\/krajinaziva.sk\/wp-content\/uploads\/2024\/10\/Krajina_ziva_prirucka.pdf\">Pre\u010do potrebujeme hospod\u00e1renie v s\u00falade s pr\u00edrodou?<\/a> &#8211; pr\u00edru\u010dka v PDF<br \/><br \/><\/li>\n<li>\u0160etrn\u00e9 od\u010dervovanie hospod\u00e1rskych zvierat<br \/>&#8211; <a href=\"https:\/\/krajinaziva.sk\/en\/zaznam-zo-seminara-ochrana-biodiverzity-a-antiparazitika\/\">z\u00e1znam z 1. semin\u00e1ra Krajiny \u017eivej na Ekofarme Ostrov (5\/2023)<\/a><br \/>&#8211; <a href=\"https:\/\/krajinaziva.sk\/en\/seminar-antiparazitika-2024\/\">z\u00e1znam z 2. semin\u00e1ra Krajiny \u017eivej na Farme Beckov (11\/2024)<\/a><br \/>&#8211; <a href=\"https:\/\/krajinaziva.sk\/wp-content\/uploads\/2025\/10\/koprofagy.pdf\">z\u00e1sady \u0161etrn\u00e9ho od\u010dervovania v PDF<\/a><br \/><br \/><\/li>\n<li><a href=\"https:\/\/broz.sk\/navod-na-orez-hlavovych-vrb\/\" target=\"_blank\" rel=\"noreferrer noopener\">Orez\u00e1vanie hlavov\u00fdch v\u0155b<\/a> &#8211; n\u00e1vod na webe BROZ<br \/><br \/><\/li>\n<li><a href=\"https:\/\/krajinaziva.sk\/en\/soilutions-cesta-k-zivotaschopnemu-vidieku-zaznam-z-konferencie\/\">SOILutions &#8211; cesta k \u017eivotaschopn\u00e9mu vidieku<\/a> &#8211; videoz\u00e1znam z konferencie (10\/2025)<br \/><br \/><\/li>\n<li><a href=\"https:\/\/krajinaziva.sk\/en\/vyznam-travinno-bylinnych-porastov-a-kvitnucich-luk-v-krajine\/\">V\u00fdznam travinno-bylinn\u00fdch porastov a kvitn\u00facich l\u00fak v krajine &#8211; videoz\u00e1znam z konferencie<\/a> (11\/2025)<\/li>\n<\/ol>\n<\/li>\n<\/ol>\n<p><!-- \/wp:list-item --><!-- wp:list-item --><\/p>\n<ol>\n<li style=\"list-style-type: none;\">\u00a0<\/li>\n<\/ol>\n<p><!-- \/wp:list-item --><!-- wp:list-item --><\/p>\n<ol>\n<li style=\"list-style-type: none;\">\u00a0<\/li>\n<\/ol>\n<p><!-- \/wp:list-item --><\/p>\n<p><!-- \/wp:list --><\/p>\t\t\t\t\t\t\t\t<\/div>\n\t\t\t\t<\/div>\n\t\t\t\t\t<\/div>\n\t\t<\/div>\n\t\t\t\t\t<\/div>\n\t\t<\/section>\n\t\t\t\t<\/div>","protected":false},"excerpt":{"rendered":"<p>Krajina \u017eiv\u00e1 nie je iba o zvidite\u013e\u0148ovan\u00ed a oce\u0148ovan\u00ed pr\u00edrode bl\u00edzkych hospod\u00e1rov, ale aj o ich sp\u00e1jan\u00ed a vz\u00e1jomnom vzdel\u00e1van\u00ed sa. Na tejto str\u00e1nke preto budeme priebe\u017ene uverej\u0148ova\u0165 najr\u00f4znej\u0161ie vlastn\u00e9, ale aj prebran\u00e9,&hellip;<\/p>","protected":false},"author":4,"featured_media":0,"parent":0,"menu_order":0,"comment_status":"closed","ping_status":"closed","template":"","meta":{"give_campaign_id":0,"_monsterinsights_skip_tracking":false,"_monsterinsights_sitenote_active":false,"_monsterinsights_sitenote_note":"","_monsterinsights_sitenote_category":0,"footnotes":""},"class_list":["post-4766","page","type-page","status-publish","hentry"],"yoast_head":"<!-- This site is optimized with the Yoast SEO plugin v26.4 - https:\/\/yoast.com\/wordpress\/plugins\/seo\/ -->\n<title>Vzdel\u00e1vanie - Krajina \u017eiv\u00e1<\/title>\n<meta name=\"robots\" content=\"index, follow, max-snippet:-1, max-image-preview:large, max-video-preview:-1\" \/>\n<link rel=\"canonical\" href=\"https:\/\/krajinaziva.sk\/en\/vzdelavanie\/\" \/>\n<meta property=\"og:locale\" content=\"en_GB\" \/>\n<meta property=\"og:type\" content=\"article\" \/>\n<meta property=\"og:title\" content=\"Vzdel\u00e1vanie - Krajina \u017eiv\u00e1\" \/>\n<meta property=\"og:description\" content=\"Krajina \u017eiv\u00e1 nie je iba o zvidite\u013e\u0148ovan\u00ed a oce\u0148ovan\u00ed pr\u00edrode bl\u00edzkych hospod\u00e1rov, ale aj o ich sp\u00e1jan\u00ed a vz\u00e1jomnom vzdel\u00e1van\u00ed sa. Na tejto str\u00e1nke preto budeme priebe\u017ene uverej\u0148ova\u0165 najr\u00f4znej\u0161ie vlastn\u00e9, ale aj prebran\u00e9,&hellip;\" \/>\n<meta property=\"og:url\" content=\"https:\/\/krajinaziva.sk\/en\/vzdelavanie\/\" \/>\n<meta property=\"og:site_name\" content=\"Krajina \u017eiv\u00e1\" \/>\n<meta property=\"article:modified_time\" content=\"2025-11-12T12:25:23+00:00\" \/>\n<meta name=\"twitter:card\" content=\"summary_large_image\" \/>\n<meta name=\"twitter:label1\" content=\"Estimated reading time\" \/>\n\t<meta name=\"twitter:data1\" content=\"1 minute\" \/>\n<script type=\"application\/ld+json\" class=\"yoast-schema-graph\">{\"@context\":\"https:\/\/schema.org\",\"@graph\":[{\"@type\":\"WebPage\",\"@id\":\"https:\/\/krajinaziva.sk\/vzdelavanie\/\",\"url\":\"https:\/\/krajinaziva.sk\/vzdelavanie\/\",\"name\":\"Vzdel\u00e1vanie - Krajina \u017eiv\u00e1\",\"isPartOf\":{\"@id\":\"https:\/\/krajinaziva.sk\/#website\"},\"datePublished\":\"2024-01-19T14:33:47+00:00\",\"dateModified\":\"2025-11-12T12:25:23+00:00\",\"breadcrumb\":{\"@id\":\"https:\/\/krajinaziva.sk\/vzdelavanie\/#breadcrumb\"},\"inLanguage\":\"en-GB\",\"potentialAction\":[{\"@type\":\"ReadAction\",\"target\":[\"https:\/\/krajinaziva.sk\/vzdelavanie\/\"]}]},{\"@type\":\"BreadcrumbList\",\"@id\":\"https:\/\/krajinaziva.sk\/vzdelavanie\/#breadcrumb\",\"itemListElement\":[{\"@type\":\"ListItem\",\"position\":1,\"name\":\"Home\",\"item\":\"https:\/\/krajinaziva.sk\/\"},{\"@type\":\"ListItem\",\"position\":2,\"name\":\"Vzdel\u00e1vanie\"}]},{\"@type\":\"WebSite\",\"@id\":\"https:\/\/krajinaziva.sk\/#website\",\"url\":\"https:\/\/krajinaziva.sk\/\",\"name\":\"Krajina \u017eiv\u00e1\",\"description\":\"\u017div\u00e1 krajina prin\u00e1\u0161a hojnos\u0165 pre v\u0161etk\u00fdch\",\"publisher\":{\"@id\":\"https:\/\/krajinaziva.sk\/#organization\"},\"potentialAction\":[{\"@type\":\"SearchAction\",\"target\":{\"@type\":\"EntryPoint\",\"urlTemplate\":\"https:\/\/krajinaziva.sk\/?s={search_term_string}\"},\"query-input\":{\"@type\":\"PropertyValueSpecification\",\"valueRequired\":true,\"valueName\":\"search_term_string\"}}],\"inLanguage\":\"en-GB\"},{\"@type\":\"Organization\",\"@id\":\"https:\/\/krajinaziva.sk\/#organization\",\"name\":\"Krajina \u017eiv\u00e1\",\"url\":\"https:\/\/krajinaziva.sk\/\",\"logo\":{\"@type\":\"ImageObject\",\"inLanguage\":\"en-GB\",\"@id\":\"https:\/\/krajinaziva.sk\/#\/schema\/logo\/image\/\",\"url\":\"https:\/\/krajinaziva.sk\/wp-content\/uploads\/2026\/02\/2206_14_BROZ_Ktajina-ziva_1-43-2-1.png\",\"contentUrl\":\"https:\/\/krajinaziva.sk\/wp-content\/uploads\/2026\/02\/2206_14_BROZ_Ktajina-ziva_1-43-2-1.png\",\"width\":1080,\"height\":1080,\"caption\":\"Krajina \u017eiv\u00e1\"},\"image\":{\"@id\":\"https:\/\/krajinaziva.sk\/#\/schema\/logo\/image\/\"}}]}<\/script>\n<!-- \/ Yoast SEO plugin. -->","yoast_head_json":{"title":"Vzdel\u00e1vanie - Krajina \u017eiv\u00e1","robots":{"index":"index","follow":"follow","max-snippet":"max-snippet:-1","max-image-preview":"max-image-preview:large","max-video-preview":"max-video-preview:-1"},"canonical":"https:\/\/krajinaziva.sk\/en\/vzdelavanie\/","og_locale":"en_GB","og_type":"article","og_title":"Vzdel\u00e1vanie - Krajina \u017eiv\u00e1","og_description":"Krajina \u017eiv\u00e1 nie je iba o zvidite\u013e\u0148ovan\u00ed a oce\u0148ovan\u00ed pr\u00edrode bl\u00edzkych hospod\u00e1rov, ale aj o ich sp\u00e1jan\u00ed a vz\u00e1jomnom vzdel\u00e1van\u00ed sa. Na tejto str\u00e1nke preto budeme priebe\u017ene uverej\u0148ova\u0165 najr\u00f4znej\u0161ie vlastn\u00e9, ale aj prebran\u00e9,&hellip;","og_url":"https:\/\/krajinaziva.sk\/en\/vzdelavanie\/","og_site_name":"Krajina \u017eiv\u00e1","article_modified_time":"2025-11-12T12:25:23+00:00","twitter_card":"summary_large_image","twitter_misc":{"Estimated reading time":"1 minute"},"schema":{"@context":"https:\/\/schema.org","@graph":[{"@type":"WebPage","@id":"https:\/\/krajinaziva.sk\/vzdelavanie\/","url":"https:\/\/krajinaziva.sk\/vzdelavanie\/","name":"Vzdel\u00e1vanie - Krajina \u017eiv\u00e1","isPartOf":{"@id":"https:\/\/krajinaziva.sk\/#website"},"datePublished":"2024-01-19T14:33:47+00:00","dateModified":"2025-11-12T12:25:23+00:00","breadcrumb":{"@id":"https:\/\/krajinaziva.sk\/vzdelavanie\/#breadcrumb"},"inLanguage":"en-GB","potentialAction":[{"@type":"ReadAction","target":["https:\/\/krajinaziva.sk\/vzdelavanie\/"]}]},{"@type":"BreadcrumbList","@id":"https:\/\/krajinaziva.sk\/vzdelavanie\/#breadcrumb","itemListElement":[{"@type":"ListItem","position":1,"name":"Home","item":"https:\/\/krajinaziva.sk\/"},{"@type":"ListItem","position":2,"name":"Vzdel\u00e1vanie"}]},{"@type":"WebSite","@id":"https:\/\/krajinaziva.sk\/#website","url":"https:\/\/krajinaziva.sk\/","name":"Living landscape","description":"A living landscape brings wealth for all","publisher":{"@id":"https:\/\/krajinaziva.sk\/#organization"},"potentialAction":[{"@type":"SearchAction","target":{"@type":"EntryPoint","urlTemplate":"https:\/\/krajinaziva.sk\/?s={search_term_string}"},"query-input":{"@type":"PropertyValueSpecification","valueRequired":true,"valueName":"search_term_string"}}],"inLanguage":"en-GB"},{"@type":"Organization","@id":"https:\/\/krajinaziva.sk\/#organization","name":"Living landscape","url":"https:\/\/krajinaziva.sk\/","logo":{"@type":"ImageObject","inLanguage":"en-GB","@id":"https:\/\/krajinaziva.sk\/#\/schema\/logo\/image\/","url":"https:\/\/krajinaziva.sk\/wp-content\/uploads\/2026\/02\/2206_14_BROZ_Ktajina-ziva_1-43-2-1.png","contentUrl":"https:\/\/krajinaziva.sk\/wp-content\/uploads\/2026\/02\/2206_14_BROZ_Ktajina-ziva_1-43-2-1.png","width":1080,"height":1080,"caption":"Krajina \u017eiv\u00e1"},"image":{"@id":"https:\/\/krajinaziva.sk\/#\/schema\/logo\/image\/"}}]}},"campaignId":"","_links":{"self":[{"href":"https:\/\/krajinaziva.sk\/en\/wp-json\/wp\/v2\/pages\/4766","targetHints":{"allow":["GET"]}}],"collection":[{"href":"https:\/\/krajinaziva.sk\/en\/wp-json\/wp\/v2\/pages"}],"about":[{"href":"https:\/\/krajinaziva.sk\/en\/wp-json\/wp\/v2\/types\/page"}],"author":[{"embeddable":true,"href":"https:\/\/krajinaziva.sk\/en\/wp-json\/wp\/v2\/users\/4"}],"replies":[{"embeddable":true,"href":"https:\/\/krajinaziva.sk\/en\/wp-json\/wp\/v2\/comments?post=4766"}],"version-history":[{"count":6,"href":"https:\/\/krajinaziva.sk\/en\/wp-json\/wp\/v2\/pages\/4766\/revisions"}],"predecessor-version":[{"id":6921,"href":"https:\/\/krajinaziva.sk\/en\/wp-json\/wp\/v2\/pages\/4766\/revisions\/6921"}],"wp:attachment":[{"href":"https:\/\/krajinaziva.sk\/en\/wp-json\/wp\/v2\/media?parent=4766"}],"curies":[{"name":"wp","href":"https:\/\/api.w.org\/{rel}","templated":true}]}}